{"id":250,"date":"2024-06-12T21:03:55","date_gmt":"2024-06-13T00:03:55","guid":{"rendered":"http:\/\/blackcatstudio.ar\/?page_id=250"},"modified":"2024-06-12T21:29:37","modified_gmt":"2024-06-13T00:29:37","slug":"representacion","status":"publish","type":"page","link":"https:\/\/blackcatstudio.ar\/?page_id=250","title":{"rendered":"Representaci\u00f3n"},"content":{"rendered":"\t\t<div data-elementor-type=\"wp-page\" data-elementor-id=\"250\" class=\"elementor elementor-250\">\n\t\t\t\t<div class=\"elementor-element elementor-element-1eec6de e-flex e-con-boxed wpr-particle-no wpr-jarallax-no wpr-parallax-no wpr-sticky-section-no e-con e-parent\" data-id=\"1eec6de\" data-element_type=\"container\" data-settings=\"{&quot;background_background&quot;:&quot;classic&quot;}\">\n\t\t\t\t\t<div class=\"e-con-inner\">\n\t\t<div class=\"elementor-element elementor-element-d45fe87 e-con-full e-flex wpr-particle-no wpr-jarallax-no wpr-parallax-no wpr-sticky-section-no e-con e-child\" data-id=\"d45fe87\" data-element_type=\"container\">\n\t\t<div class=\"elementor-element elementor-element-5523232 e-con-full e-flex wpr-particle-no wpr-jarallax-no wpr-parallax-no wpr-sticky-section-no e-con e-child\" data-id=\"5523232\" data-element_type=\"container\">\n\t\t\t\t<div class=\"elementor-element elementor-element-fefa18f wpr-logo-position-center elementor-widget elementor-widget-wpr-logo\" data-id=\"fefa18f\" data-element_type=\"widget\" data-widget_type=\"wpr-logo.default\">\n\t\t\t\t<div class=\"elementor-widget-container\">\n\t\t\t\t\n\t<div class=\"wpr-logo elementor-clearfix\">\n\n\t\t\t\t<picture class=\"wpr-logo-image\">\n\t\t\t\t\t\t<source media=\"(max-width: 767px)\" srcset=\"https:\/\/blackcatstudio.ar\/wp-content\/uploads\/2024\/02\/isologo_blackCat.png\">\t\n\t\t\t\n\t\t\t\t\t\t\n\t\t\t<img decoding=\"async\" src=\"https:\/\/blackcatstudio.ar\/wp-content\/uploads\/2024\/02\/isologotipo_blackCat.png\" alt=\"\">\n\n\t\t\t\t\t\t\t<a class=\"wpr-logo-url\" rel=\"home\" href=\"https:\/\/blackcatstudio.ar\/\"><\/a>\n\t\t\t\t\t<\/picture>\n\t\t\n\t\t\n\t\t\t\t\t<a class=\"wpr-logo-url\" rel=\"home\" href=\"https:\/\/blackcatstudio.ar\/\"><\/a>\n\t\t\n\t<\/div>\n\t\t\n\t\t<\/div>\n\t\t\t\t<\/div>\n\t\t\t\t<\/div>\n\t\t<div class=\"elementor-element elementor-element-d74e8cf e-con-full e-flex wpr-particle-no wpr-jarallax-no wpr-parallax-no wpr-sticky-section-no e-con e-child\" data-id=\"d74e8cf\" data-element_type=\"container\">\n\t\t\t\t<div class=\"elementor-element elementor-element-591f1ae wpr-main-menu-align-right wpr-sub-icon-angle-down wpr-main-menu-align--tabletleft wpr-main-menu-align--mobileleft wpr-pointer-underline wpr-pointer-line-fx wpr-pointer-fx-fade wpr-sub-menu-fx-fade wpr-nav-menu-bp-tablet wpr-mobile-menu-display-dropdown wpr-mobile-menu-full-width wpr-mobile-toggle-v1 wpr-sub-divider-yes wpr-mobile-divider-yes elementor-widget elementor-widget-wpr-mega-menu\" data-id=\"591f1ae\" data-element_type=\"widget\" data-settings=\"{&quot;menu_layout&quot;:&quot;horizontal&quot;}\" data-widget_type=\"wpr-mega-menu.default\">\n\t\t\t\t<div class=\"elementor-widget-container\">\n\t\t\t<nav class=\"wpr-nav-menu-container wpr-mega-menu-container wpr-nav-menu-horizontal\" data-trigger=\"hover\"><!-- start master menu -->\n<ul id=\"menu-1-591f1ae\" class=\"wpr-nav-menu wpr-mega-menu\"><li class=\"menu-item menu-item-type-post_type menu-item-object-page menu-item-home menu-item-183\"><a href=\"https:\/\/blackcatstudio.ar\/\" class=\"wpr-menu-item wpr-pointer-item\"><span>Inicio<\/span><\/a><\/li>\n<li class=\"menu-item menu-item-type-post_type menu-item-object-page menu-item-185\"><a href=\"https:\/\/blackcatstudio.ar\/?page_id=70\" class=\"wpr-menu-item wpr-pointer-item\"><span>Servicios editoriales<\/span><\/a><\/li>\n<li class=\"menu-item menu-item-type-post_type menu-item-object-page menu-item-260\"><a href=\"https:\/\/blackcatstudio.ar\/?page_id=83\" class=\"wpr-menu-item wpr-pointer-item\"><span>Libros<\/span><\/a><\/li>\n<li class=\"menu-item menu-item-type-post_type menu-item-object-page menu-item-259\"><a href=\"https:\/\/blackcatstudio.ar\/?page_id=250\" class=\"wpr-menu-item wpr-pointer-item\"><span>Representaci\u00f3n<\/span><\/a><\/li>\n<li class=\"menu-item menu-item-type-post_type menu-item-object-page menu-item-184\"><a href=\"https:\/\/blackcatstudio.ar\/?page_id=16\" class=\"wpr-menu-item wpr-pointer-item\"><span>Nosotros<\/span><\/a><\/li>\n<\/ul>\n<!-- end master menu -->\n<\/nav><nav class=\"wpr-mobile-nav-menu-container\"><div class=\"wpr-mobile-toggle-wrap\"><div class=\"wpr-mobile-toggle\"><span class=\"wpr-mobile-toggle-line\"><\/span><span class=\"wpr-mobile-toggle-line\"><\/span><span class=\"wpr-mobile-toggle-line\"><\/span><\/div><\/div><div class=\"wpr-mobile-mega-menu-wrap \"><!-- start master menu -->\n<ul id=\"mobile-menu-2-591f1ae\" class=\"wpr-mobile-nav-menu wpr-mobile-mega-menu\"><li class=\"menu-item menu-item-type-post_type menu-item-object-page menu-item-home menu-item-183\"><a href=\"https:\/\/blackcatstudio.ar\/\" class=\"wpr-mobile-menu-item\">Inicio<\/a><\/li>\n<li class=\"menu-item menu-item-type-post_type menu-item-object-page menu-item-185\"><a href=\"https:\/\/blackcatstudio.ar\/?page_id=70\" class=\"wpr-mobile-menu-item\">Servicios editoriales<\/a><\/li>\n<li class=\"menu-item menu-item-type-post_type menu-item-object-page menu-item-260\"><a href=\"https:\/\/blackcatstudio.ar\/?page_id=83\" class=\"wpr-mobile-menu-item\">Libros<\/a><\/li>\n<li class=\"menu-item menu-item-type-post_type menu-item-object-page menu-item-259\"><a href=\"https:\/\/blackcatstudio.ar\/?page_id=250\" class=\"wpr-mobile-menu-item\">Representaci\u00f3n<\/a><\/li>\n<li class=\"menu-item menu-item-type-post_type menu-item-object-page menu-item-184\"><a href=\"https:\/\/blackcatstudio.ar\/?page_id=16\" class=\"wpr-mobile-menu-item\">Nosotros<\/a><\/li>\n<\/ul>\n<!-- end master menu -->\n<\/div><\/nav>\t\t<\/div>\n\t\t\t\t<\/div>\n\t\t\t\t<\/div>\n\t\t\t\t<\/div>\n\t\t\t\t<div class=\"elementor-element elementor-element-80bf838 elementor-widget elementor-widget-heading\" data-id=\"80bf838\" data-element_type=\"widget\" data-widget_type=\"heading.default\">\n\t\t\t\t<div class=\"elementor-widget-container\">\n\t\t\t<style>\/*! elementor - v3.21.0 - 26-05-2024 *\/\n.elementor-heading-title{padding:0;margin:0;line-height:1}.elementor-widget-heading .elementor-heading-title[class*=elementor-size-]>a{color:inherit;font-size:inherit;line-height:inherit}.elementor-widget-heading .elementor-heading-title.elementor-size-small{font-size:15px}.elementor-widget-heading .elementor-heading-title.elementor-size-medium{font-size:19px}.elementor-widget-heading .elementor-heading-title.elementor-size-large{font-size:29px}.elementor-widget-heading .elementor-heading-title.elementor-size-xl{font-size:39px}.elementor-widget-heading .elementor-heading-title.elementor-size-xxl{font-size:59px}<\/style><h2 class=\"elementor-heading-title elementor-size-default\">Representaci\u00f3n<\/h2>\t\t<\/div>\n\t\t\t\t<\/div>\n\t\t\t\t\t<\/div>\n\t\t\t\t<\/div>\n\t\t<div class=\"elementor-element elementor-element-7bb27c9 e-flex e-con-boxed wpr-particle-no wpr-jarallax-no wpr-parallax-no wpr-sticky-section-no e-con e-parent\" data-id=\"7bb27c9\" data-element_type=\"container\">\n\t\t\t\t\t<div class=\"e-con-inner\">\n\t\t<div class=\"elementor-element elementor-element-3cb443e e-con-full e-flex wpr-particle-no wpr-jarallax-no wpr-parallax-no wpr-sticky-section-no e-con e-child\" data-id=\"3cb443e\" data-element_type=\"container\">\n\t\t\t\t<div class=\"elementor-element elementor-element-3a3b46d elementor-widget elementor-widget-text-editor\" data-id=\"3a3b46d\" data-element_type=\"widget\" data-widget_type=\"text-editor.default\">\n\t\t\t\t<div class=\"elementor-widget-container\">\n\t\t\t<style>\/*! elementor - v3.21.0 - 26-05-2024 *\/\n.elementor-widget-text-editor.elementor-drop-cap-view-stacked .elementor-drop-cap{background-color:#69727d;color:#fff}.elementor-widget-text-editor.elementor-drop-cap-view-framed .elementor-drop-cap{color:#69727d;border:3px solid;background-color:transparent}.elementor-widget-text-editor:not(.elementor-drop-cap-view-default) .elementor-drop-cap{margin-top:8px}.elementor-widget-text-editor:not(.elementor-drop-cap-view-default) .elementor-drop-cap-letter{width:1em;height:1em}.elementor-widget-text-editor .elementor-drop-cap{float:left;text-align:center;line-height:1;font-size:50px}.elementor-widget-text-editor .elementor-drop-cap-letter{display:inline-block}<\/style>\t\t\t\t<p>Como Estudio Editorial nos propusimos la misi\u00f3n de generar y exportar contenido original realizado por los mejores artistas de la actualidad en cuanto a novela gr\u00e1fica y manga. Contamos con un amplio cat\u00e1logo de publicaciones disponibles para ser editadas en todo el mundo.<\/p>\t\t\t\t\t\t<\/div>\n\t\t\t\t<\/div>\n\t\t\t\t<\/div>\n\t\t<div class=\"elementor-element elementor-element-9c0fc19 e-con-full e-flex wpr-particle-no wpr-jarallax-no wpr-parallax-no wpr-sticky-section-no e-con e-child\" data-id=\"9c0fc19\" data-element_type=\"container\">\n\t\t\t\t<\/div>\n\t\t\t\t\t<\/div>\n\t\t\t\t<\/div>\n\t\t<div class=\"elementor-element elementor-element-6c57f0c e-flex e-con-boxed wpr-particle-no wpr-jarallax-no wpr-parallax-no wpr-sticky-section-no e-con e-parent\" data-id=\"6c57f0c\" data-element_type=\"container\">\n\t\t\t\t\t<div class=\"e-con-inner\">\n\t\t\t\t<div class=\"elementor-element elementor-element-6cfa80b elementor-widget elementor-widget-pdfjs-viewer\" data-id=\"6cfa80b\" data-element_type=\"widget\" data-widget_type=\"pdfjs-viewer.default\">\n\t\t\t\t<div class=\"elementor-widget-container\">\n\t\t\t<iframe width=\"\" height=\"600\" src=\"https:\/\/blackcatstudio.ar\/wp-content\/plugins\/pdfjs-viewer-for-elementor\/\/assets\/js\/pdfjs\/web\/viewer.html?file=https:\/\/blackcatstudio.ar\/wp-content\/uploads\/2024\/06\/CATALOGO_FR_BCS.pdf\"><\/iframe>\t\t<\/div>\n\t\t\t\t<\/div>\n\t\t\t\t\t<\/div>\n\t\t\t\t<\/div>\n\t\t\t\t<\/div>\n\t\t","protected":false},"excerpt":{"rendered":"<p>Inicio Servicios editoriales Portfolio Representaci\u00f3n Quienes somos Inicio Servicios editoriales Portfolio Representaci\u00f3n Quienes somos Representaci\u00f3n Como Estudio Editorial nos propusimos la misi\u00f3n de generar y exportar contenido original realizado por los mejores artistas de la actualidad en cuanto a novela gr\u00e1fica y manga. Contamos con un amplio cat\u00e1logo de publicaciones disponibles para ser editadas en todo el mundo.<\/p>\n","protected":false},"author":1,"featured_media":0,"parent":0,"menu_order":0,"comment_status":"closed","ping_status":"closed","template":"elementor_canvas","meta":{"footnotes":""},"_links":{"self":[{"href":"https:\/\/blackcatstudio.ar\/index.php?rest_route=\/wp\/v2\/pages\/250"}],"collection":[{"href":"https:\/\/blackcatstudio.ar\/index.php?rest_route=\/wp\/v2\/pages"}],"about":[{"href":"https:\/\/blackcatstudio.ar\/index.php?rest_route=\/wp\/v2\/types\/page"}],"author":[{"embeddable":true,"href":"https:\/\/blackcatstudio.ar\/index.php?rest_route=\/wp\/v2\/users\/1"}],"replies":[{"embeddable":true,"href":"https:\/\/blackcatstudio.ar\/index.php?rest_route=%2Fwp%2Fv2%2Fcomments&post=250"}],"version-history":[{"count":25,"href":"https:\/\/blackcatstudio.ar\/index.php?rest_route=\/wp\/v2\/pages\/250\/revisions"}],"predecessor-version":[{"id":285,"href":"https:\/\/blackcatstudio.ar\/index.php?rest_route=\/wp\/v2\/pages\/250\/revisions\/285"}],"wp:attachment":[{"href":"https:\/\/blackcatstudio.ar\/index.php?rest_route=%2Fwp%2Fv2%2Fmedia&parent=250"}],"curies":[{"name":"wp","href":"https:\/\/api.w.org\/{rel}","templated":true}]}}