{"id":16,"date":"2024-02-28T17:36:23","date_gmt":"2024-02-28T20:36:23","guid":{"rendered":"http:\/\/blackcatstudio.ar\/?page_id=16"},"modified":"2024-06-12T21:56:15","modified_gmt":"2024-06-13T00:56:15","slug":"nosotros","status":"publish","type":"page","link":"https:\/\/blackcatstudio.ar\/?page_id=16","title":{"rendered":"Nosotros"},"content":{"rendered":"\t\t<div data-elementor-type=\"wp-post\" data-elementor-id=\"16\" class=\"elementor elementor-16\">\n\t\t\t\t<div class=\"elementor-element elementor-element-e9f614a e-flex e-con-boxed wpr-particle-no wpr-jarallax-no wpr-parallax-no wpr-sticky-section-no e-con e-parent\" data-id=\"e9f614a\" data-element_type=\"container\" data-settings=\"{&quot;background_background&quot;:&quot;classic&quot;}\">\n\t\t\t\t\t<div class=\"e-con-inner\">\n\t\t<div class=\"elementor-element elementor-element-1349ce4 e-con-full e-flex wpr-particle-no wpr-jarallax-no wpr-parallax-no wpr-sticky-section-no e-con e-child\" data-id=\"1349ce4\" data-element_type=\"container\">\n\t\t<div class=\"elementor-element elementor-element-6323d09 e-con-full e-flex wpr-particle-no wpr-jarallax-no wpr-parallax-no wpr-sticky-section-no e-con e-child\" data-id=\"6323d09\" data-element_type=\"container\">\n\t\t\t\t<div class=\"elementor-element elementor-element-3a75089 wpr-logo-position-center elementor-widget elementor-widget-wpr-logo\" data-id=\"3a75089\" data-element_type=\"widget\" data-widget_type=\"wpr-logo.default\">\n\t\t\t\t<div class=\"elementor-widget-container\">\n\t\t\t\t\n\t<div class=\"wpr-logo elementor-clearfix\">\n\n\t\t\t\t<picture class=\"wpr-logo-image\">\n\t\t\t\t\t\t<source media=\"(max-width: 767px)\" srcset=\"https:\/\/blackcatstudio.ar\/wp-content\/uploads\/2024\/02\/isologo_blackCat.png\">\t\n\t\t\t\n\t\t\t\t\t\t\n\t\t\t<img decoding=\"async\" src=\"https:\/\/blackcatstudio.ar\/wp-content\/uploads\/2024\/02\/isologotipo_blackCat.png\" alt=\"\">\n\n\t\t\t\t\t\t\t<a class=\"wpr-logo-url\" rel=\"home\" href=\"https:\/\/blackcatstudio.ar\/\"><\/a>\n\t\t\t\t\t<\/picture>\n\t\t\n\t\t\n\t\t\t\t\t<a class=\"wpr-logo-url\" rel=\"home\" href=\"https:\/\/blackcatstudio.ar\/\"><\/a>\n\t\t\n\t<\/div>\n\t\t\n\t\t<\/div>\n\t\t\t\t<\/div>\n\t\t\t\t<\/div>\n\t\t<div class=\"elementor-element elementor-element-82e087b e-con-full e-flex wpr-particle-no wpr-jarallax-no wpr-parallax-no wpr-sticky-section-no e-con e-child\" data-id=\"82e087b\" data-element_type=\"container\">\n\t\t\t\t<div class=\"elementor-element elementor-element-fd8bcc8 wpr-main-menu-align-right wpr-sub-icon-angle-down wpr-main-menu-align--tabletleft wpr-main-menu-align--mobileleft wpr-pointer-underline wpr-pointer-line-fx wpr-pointer-fx-fade wpr-sub-menu-fx-fade wpr-nav-menu-bp-tablet wpr-mobile-menu-display-dropdown wpr-mobile-menu-full-width wpr-mobile-toggle-v1 wpr-sub-divider-yes wpr-mobile-divider-yes elementor-widget elementor-widget-wpr-mega-menu\" data-id=\"fd8bcc8\" data-element_type=\"widget\" data-settings=\"{&quot;menu_layout&quot;:&quot;horizontal&quot;}\" data-widget_type=\"wpr-mega-menu.default\">\n\t\t\t\t<div class=\"elementor-widget-container\">\n\t\t\t<nav class=\"wpr-nav-menu-container wpr-mega-menu-container wpr-nav-menu-horizontal\" data-trigger=\"hover\"><!-- start master menu -->\n<ul id=\"menu-1-fd8bcc8\" class=\"wpr-nav-menu wpr-mega-menu\"><li class=\"menu-item menu-item-type-post_type menu-item-object-page menu-item-home menu-item-183\"><a href=\"https:\/\/blackcatstudio.ar\/\" class=\"wpr-menu-item wpr-pointer-item\"><span>Inicio<\/span><\/a><\/li>\n<li class=\"menu-item menu-item-type-post_type menu-item-object-page menu-item-185\"><a href=\"https:\/\/blackcatstudio.ar\/?page_id=70\" class=\"wpr-menu-item wpr-pointer-item\"><span>Servicios editoriales<\/span><\/a><\/li>\n<li class=\"menu-item menu-item-type-post_type menu-item-object-page menu-item-260\"><a href=\"https:\/\/blackcatstudio.ar\/?page_id=83\" class=\"wpr-menu-item wpr-pointer-item\"><span>Libros<\/span><\/a><\/li>\n<li class=\"menu-item menu-item-type-post_type menu-item-object-page menu-item-259\"><a href=\"https:\/\/blackcatstudio.ar\/?page_id=250\" class=\"wpr-menu-item wpr-pointer-item\"><span>Representaci\u00f3n<\/span><\/a><\/li>\n<li class=\"menu-item menu-item-type-post_type menu-item-object-page menu-item-184\"><a href=\"https:\/\/blackcatstudio.ar\/?page_id=16\" class=\"wpr-menu-item wpr-pointer-item\"><span>Nosotros<\/span><\/a><\/li>\n<\/ul>\n<!-- end master menu -->\n<\/nav><nav class=\"wpr-mobile-nav-menu-container\"><div class=\"wpr-mobile-toggle-wrap\"><div class=\"wpr-mobile-toggle\"><span class=\"wpr-mobile-toggle-line\"><\/span><span class=\"wpr-mobile-toggle-line\"><\/span><span class=\"wpr-mobile-toggle-line\"><\/span><\/div><\/div><div class=\"wpr-mobile-mega-menu-wrap \"><!-- start master menu -->\n<ul id=\"mobile-menu-2-fd8bcc8\" class=\"wpr-mobile-nav-menu wpr-mobile-mega-menu\"><li class=\"menu-item menu-item-type-post_type menu-item-object-page menu-item-home menu-item-183\"><a href=\"https:\/\/blackcatstudio.ar\/\" class=\"wpr-mobile-menu-item\">Inicio<\/a><\/li>\n<li class=\"menu-item menu-item-type-post_type menu-item-object-page menu-item-185\"><a href=\"https:\/\/blackcatstudio.ar\/?page_id=70\" class=\"wpr-mobile-menu-item\">Servicios editoriales<\/a><\/li>\n<li class=\"menu-item menu-item-type-post_type menu-item-object-page menu-item-260\"><a href=\"https:\/\/blackcatstudio.ar\/?page_id=83\" class=\"wpr-mobile-menu-item\">Libros<\/a><\/li>\n<li class=\"menu-item menu-item-type-post_type menu-item-object-page menu-item-259\"><a href=\"https:\/\/blackcatstudio.ar\/?page_id=250\" class=\"wpr-mobile-menu-item\">Representaci\u00f3n<\/a><\/li>\n<li class=\"menu-item menu-item-type-post_type menu-item-object-page menu-item-184\"><a href=\"https:\/\/blackcatstudio.ar\/?page_id=16\" class=\"wpr-mobile-menu-item\">Nosotros<\/a><\/li>\n<\/ul>\n<!-- end master menu -->\n<\/div><\/nav>\t\t<\/div>\n\t\t\t\t<\/div>\n\t\t\t\t<\/div>\n\t\t\t\t<\/div>\n\t\t\t\t<div class=\"elementor-element elementor-element-494ea85 elementor-widget elementor-widget-heading\" data-id=\"494ea85\" data-element_type=\"widget\" data-widget_type=\"heading.default\">\n\t\t\t\t<div class=\"elementor-widget-container\">\n\t\t\t<style>\/*! elementor - v3.21.0 - 26-05-2024 *\/\n.elementor-heading-title{padding:0;margin:0;line-height:1}.elementor-widget-heading .elementor-heading-title[class*=elementor-size-]>a{color:inherit;font-size:inherit;line-height:inherit}.elementor-widget-heading .elementor-heading-title.elementor-size-small{font-size:15px}.elementor-widget-heading .elementor-heading-title.elementor-size-medium{font-size:19px}.elementor-widget-heading .elementor-heading-title.elementor-size-large{font-size:29px}.elementor-widget-heading .elementor-heading-title.elementor-size-xl{font-size:39px}.elementor-widget-heading .elementor-heading-title.elementor-size-xxl{font-size:59px}<\/style><h2 class=\"elementor-heading-title elementor-size-default\">Quienes somos<\/h2>\t\t<\/div>\n\t\t\t\t<\/div>\n\t\t\t\t\t<\/div>\n\t\t\t\t<\/div>\n\t\t<div class=\"elementor-element elementor-element-c47d96e e-flex e-con-boxed wpr-particle-no wpr-jarallax-no wpr-parallax-no wpr-sticky-section-no e-con e-parent\" data-id=\"c47d96e\" data-element_type=\"container\">\n\t\t\t\t\t<div class=\"e-con-inner\">\n\t\t<div class=\"elementor-element elementor-element-2fbb902 e-con-full e-flex wpr-particle-no wpr-jarallax-no wpr-parallax-no wpr-sticky-section-no e-con e-child\" data-id=\"2fbb902\" data-element_type=\"container\">\n\t\t\t\t<div class=\"elementor-element elementor-element-ad0eb68 elementor-widget elementor-widget-heading\" data-id=\"ad0eb68\" data-element_type=\"widget\" data-widget_type=\"heading.default\">\n\t\t\t\t<div class=\"elementor-widget-container\">\n\t\t\t<h3 class=\"elementor-heading-title elementor-size-default\">Black cat<\/h3>\t\t<\/div>\n\t\t\t\t<\/div>\n\t\t\t\t<div class=\"elementor-element elementor-element-ad40b85 elementor-widget elementor-widget-text-editor\" data-id=\"ad40b85\" data-element_type=\"widget\" data-widget_type=\"text-editor.default\">\n\t\t\t\t<div class=\"elementor-widget-container\">\n\t\t\t<style>\/*! elementor - v3.21.0 - 26-05-2024 *\/\n.elementor-widget-text-editor.elementor-drop-cap-view-stacked .elementor-drop-cap{background-color:#69727d;color:#fff}.elementor-widget-text-editor.elementor-drop-cap-view-framed .elementor-drop-cap{color:#69727d;border:3px solid;background-color:transparent}.elementor-widget-text-editor:not(.elementor-drop-cap-view-default) .elementor-drop-cap{margin-top:8px}.elementor-widget-text-editor:not(.elementor-drop-cap-view-default) .elementor-drop-cap-letter{width:1em;height:1em}.elementor-widget-text-editor .elementor-drop-cap{float:left;text-align:center;line-height:1;font-size:50px}.elementor-widget-text-editor .elementor-drop-cap-letter{display:inline-block}<\/style>\t\t\t\t<p>Black Cat Studio es un Estudio de Producci\u00f3n Gr\u00e1fica Editorial liderado por Leo Scarano, Editor de amplia trayectoria que trabaja coordinando l\u00edneas editoriales en Argentina y Espa\u00f1a, y que durante m\u00e1s de 10 a\u00f1os fue el responsable de la edici\u00f3n y coordinaci\u00f3n de las publicaciones de Marvel y DC Comics en Sudam\u00e9rica, as\u00ed como de colecciones para los m\u00e1s prestigiosos diarios y editoriales de coleccionables en los \u00faltimos a\u00f1os.<br \/><br \/>Black Cat es un equipo de profesionales que no solo puede acompa\u00f1arte desde el asesoramiento y el desarrollo de tu proyecto editorial, ya sea una simple idea o una licencia a desarrollar, sino en cada uno de los pasos para que tu obra sea una realidad. En cada una de las \u00e1reas editoriales contamos con expertos de sobrada experiencia en el mercado<\/p>\t\t\t\t\t\t<\/div>\n\t\t\t\t<\/div>\n\t\t\t\t<\/div>\n\t\t<div class=\"elementor-element elementor-element-3bc1347 e-con-full e-flex wpr-particle-no wpr-jarallax-no wpr-parallax-no wpr-sticky-section-no e-con e-child\" data-id=\"3bc1347\" data-element_type=\"container\">\n\t\t\t\t<div class=\"elementor-element elementor-element-2a439d7 elementor-widget elementor-widget-image\" data-id=\"2a439d7\" data-element_type=\"widget\" data-widget_type=\"image.default\">\n\t\t\t\t<div class=\"elementor-widget-container\">\n\t\t\t<style>\/*! elementor - v3.21.0 - 26-05-2024 *\/\n.elementor-widget-image{text-align:center}.elementor-widget-image a{display:inline-block}.elementor-widget-image a img[src$=\".svg\"]{width:48px}.elementor-widget-image img{vertical-align:middle;display:inline-block}<\/style>\t\t\t\t\t\t\t\t\t\t<img fetchpriority=\"high\" decoding=\"async\" width=\"512\" height=\"512\" src=\"https:\/\/blackcatstudio.ar\/wp-content\/uploads\/2024\/02\/isologo_blackCat.png\" class=\"attachment-large size-large wp-image-11\" alt=\"\" srcset=\"https:\/\/blackcatstudio.ar\/wp-content\/uploads\/2024\/02\/isologo_blackCat.png 512w, https:\/\/blackcatstudio.ar\/wp-content\/uploads\/2024\/02\/isologo_blackCat-100x100.png 100w, https:\/\/blackcatstudio.ar\/wp-content\/uploads\/2024\/02\/isologo_blackCat-300x300.png 300w, https:\/\/blackcatstudio.ar\/wp-content\/uploads\/2024\/02\/isologo_blackCat-150x150.png 150w\" sizes=\"(max-width: 512px) 100vw, 512px\" \/>\t\t\t\t\t\t\t\t\t\t\t\t\t<\/div>\n\t\t\t\t<\/div>\n\t\t\t\t<\/div>\n\t\t\t\t\t<\/div>\n\t\t\t\t<\/div>\n\t\t\t\t<\/div>\n\t\t","protected":false},"excerpt":{"rendered":"<p>Inicio Servicios editoriales Portfolio Representaci\u00f3n Quienes somos Inicio Servicios editoriales Portfolio Representaci\u00f3n Quienes somos Quienes somos Black cat Black Cat Studio es un Estudio de Producci\u00f3n Gr\u00e1fica Editorial liderado por Leo Scarano, Editor de amplia trayectoria que trabaja coordinando l\u00edneas editoriales en Argentina y Espa\u00f1a, y que durante m\u00e1s de 10 a\u00f1os fue el responsable de la edici\u00f3n y coordinaci\u00f3n de las publicaciones de Marvel y DC Comics en Sudam\u00e9rica, as\u00ed como de colecciones para los m\u00e1s prestigiosos diarios y editoriales de coleccionables en los \u00faltimos a\u00f1os. Black Cat es un equipo de profesionales que no solo puede acompa\u00f1arte desde el asesoramiento y el desarrollo de tu proyecto editorial, ya sea una simple idea o una licencia a desarrollar, sino en cada uno de los pasos para que tu obra sea una realidad. En cada una de las \u00e1reas editoriales contamos con expertos de sobrada experiencia en el mercado<\/p>\n","protected":false},"author":1,"featured_media":0,"parent":0,"menu_order":0,"comment_status":"closed","ping_status":"closed","template":"elementor_canvas","meta":{"footnotes":""},"_links":{"self":[{"href":"https:\/\/blackcatstudio.ar\/index.php?rest_route=\/wp\/v2\/pages\/16"}],"collection":[{"href":"https:\/\/blackcatstudio.ar\/index.php?rest_route=\/wp\/v2\/pages"}],"about":[{"href":"https:\/\/blackcatstudio.ar\/index.php?rest_route=\/wp\/v2\/types\/page"}],"author":[{"embeddable":true,"href":"https:\/\/blackcatstudio.ar\/index.php?rest_route=\/wp\/v2\/users\/1"}],"replies":[{"embeddable":true,"href":"https:\/\/blackcatstudio.ar\/index.php?rest_route=%2Fwp%2Fv2%2Fcomments&post=16"}],"version-history":[{"count":23,"href":"https:\/\/blackcatstudio.ar\/index.php?rest_route=\/wp\/v2\/pages\/16\/revisions"}],"predecessor-version":[{"id":301,"href":"https:\/\/blackcatstudio.ar\/index.php?rest_route=\/wp\/v2\/pages\/16\/revisions\/301"}],"wp:attachment":[{"href":"https:\/\/blackcatstudio.ar\/index.php?rest_route=%2Fwp%2Fv2%2Fmedia&parent=16"}],"curies":[{"name":"wp","href":"https:\/\/api.w.org\/{rel}","templated":true}]}}